{"id":22,"date":"2026-05-15T22:54:57","date_gmt":"2026-05-15T20:54:57","guid":{"rendered":"https:\/\/tafsut2026.com\/?page_id=22"},"modified":"2026-05-16T03:31:04","modified_gmt":"2026-05-16T01:31:04","slug":"accueil","status":"publish","type":"page","link":"https:\/\/tafsut2026.com\/","title":{"rendered":"Accueil"},"content":{"rendered":"\n<div class=\"wp-block-cover alignfull is-light\" style=\"min-height:720px;aspect-ratio:unset;\"><span aria-hidden=\"true\" class=\"wp-block-cover__background has-background-dim-100 has-background-dim has-background-gradient\" style=\"background:linear-gradient(35deg,rgb(6,0,151) 0%,rgb(130,4,255) 73%,rgb(193,15,255) 100%)\"><\/span><div class=\"wp-block-cover__inner-container is-layout-flow wp-block-cover-is-layout-flow\">\n<div class=\"inherit-container-width wp-block-group alignwide is-layout-constrained wp-block-group-is-layout-constrained\">\n<div class=\"wp-block-media-text has-media-on-the-right is-stacked-on-mobile alignwide\" style=\"grid-template-columns:auto 32%\"><div class=\"wp-block-media-text__content\">\n<h2 class=\"wp-block-heading has-text-align-left has-white-color has-text-color\">    Une nouvelle voix pour Tizi-Ouzou<\/h2>\n\n\n\n<p class=\"has-white-color has-text-color\">     Tafsut mouvement citoyen pour les \u00e9lections l\u00e9gislatives 2026. <\/p>\n\n\n\n<p class=\"has-white-color has-text-color\">      Authenticit\u00e9 | Proximit\u00e9 | Changement.<\/p>\n\n\n\n<div class=\"wp-block-buttons is-layout-flex wp-block-buttons-is-layout-flex\">\n<div class=\"wp-block-button\"><a class=\"wp-block-button__link wp-element-button\" href=\"#\">D\u00e9couvrir notre programme<\/a><\/div>\n<\/div>\n<\/div><figure class=\"wp-block-media-text__media\"><img loading=\"lazy\" decoding=\"async\" width=\"1024\" height=\"1024\" src=\"https:\/\/tafsut2026.com\/wp-content\/uploads\/2026\/05\/logo-tafsut-1-1024x1024.jpg\" alt=\"\" class=\"wp-image-68 size-full\" srcset=\"https:\/\/tafsut2026.com\/wp-content\/uploads\/2026\/05\/logo-tafsut-1-1024x1024.jpg 1024w, https:\/\/tafsut2026.com\/wp-content\/uploads\/2026\/05\/logo-tafsut-1-300x300.jpg 300w, https:\/\/tafsut2026.com\/wp-content\/uploads\/2026\/05\/logo-tafsut-1-150x150.jpg 150w, https:\/\/tafsut2026.com\/wp-content\/uploads\/2026\/05\/logo-tafsut-1-768x768.jpg 768w, https:\/\/tafsut2026.com\/wp-content\/uploads\/2026\/05\/logo-tafsut-1-1536x1536.jpg 1536w, https:\/\/tafsut2026.com\/wp-content\/uploads\/2026\/05\/logo-tafsut-1.jpg 1875w\" sizes=\"auto, (max-width: 1024px) 100vw, 1024px\" \/><\/figure><\/div>\n\n\n\n<blockquote class=\"wp-block-quote is-layout-flow wp-block-quote-is-layout-flow\"><\/blockquote>\n<\/div>\n<\/div><\/div>\n\n\n\n<div class=\"wp-block-group alignfull has-ast-global-color-5-background-color has-background is-layout-constrained wp-container-core-group-is-layout-9cedb757 wp-block-group-is-layout-constrained\" style=\"padding-bottom:0px\">\n<h2 class=\"wp-block-heading screen-reader-text\">What We Offer<\/h2>\n\n\n\n<div class=\"wp-block-columns are-vertically-aligned-top is-layout-flex wp-container-core-columns-is-layout-00723822 wp-block-columns-is-layout-flex\">\n<div class=\"wp-block-column is-vertically-aligned-top is-layout-flow wp-container-core-column-is-layout-6b73ce23 wp-block-column-is-layout-flow\">\n<figure class=\"wp-block-image size-large\"><img decoding=\"async\" src=\"https:\/\/tafsut2026.com\/wp-content\/themes\/astra\/inc\/assets\/images\/starter-content\/portfolio.svg\" alt=\"\" class=\"wp-image-137\"\/><\/figure>\n\n\n\n<h3 class=\"wp-block-heading has-text-align-left\" style=\"margin-top:16px\">Authenticit\u00e9<\/h3>\n\n\n\n<p class=\"has-text-align-left\">Nous repr\u00e9sentons  les citoyens de Tizi-Ouzou, sans compromis ni calcul politique.<\/p>\n<\/div>\n\n\n\n<div class=\"wp-block-column is-vertically-aligned-top is-layout-flow wp-container-core-column-is-layout-6b73ce23 wp-block-column-is-layout-flow\">\n<figure class=\"wp-block-image size-large\"><img decoding=\"async\" src=\"https:\/\/tafsut2026.com\/wp-content\/themes\/astra\/inc\/assets\/images\/starter-content\/building.svg\" alt=\"\" class=\"wp-image-134\"\/><\/figure>\n\n\n\n<h3 class=\"wp-block-heading has-text-align-left\" style=\"margin-top:16px\">Proximit\u00e9<\/h3>\n\n\n\n<p class=\"has-text-align-left\">Nos candidats sont issus du peuple, proches de vos pr\u00e9occupations quotidiennes.<\/p>\n<\/div>\n\n\n\n<div class=\"wp-block-column is-vertically-aligned-top is-layout-flow wp-container-core-column-is-layout-6b73ce23 wp-block-column-is-layout-flow\">\n<figure class=\"wp-block-image size-large\"><img decoding=\"async\" src=\"https:\/\/tafsut2026.com\/wp-content\/themes\/astra\/inc\/assets\/images\/starter-content\/blog.svg\" alt=\"\" class=\"wp-image-136\"\/><\/figure>\n\n\n\n<h3 class=\"wp-block-heading has-text-align-left\" style=\"margin-top:16px\">Changement<\/h3>\n\n\n\n<p class=\"has-text-align-left\">Nous portons un projet concret pour transformer la repr\u00e9sentation politique \u00e0 Tizi-OUZOU<\/p>\n<\/div>\n<\/div>\n<\/div>\n\n\n\n<div class=\"wp-block-group alignfull is-layout-constrained wp-container-core-group-is-layout-45b0ac4f wp-block-group-is-layout-constrained\" id=\"services\" style=\"padding-top:144px;padding-bottom:0px\">\n<h2 class=\"wp-block-heading\">Notre Engagement<\/h2>\n\n\n\n<div class=\"wp-block-columns is-layout-flex wp-container-core-columns-is-layout-60cbf9bb wp-block-columns-is-layout-flex\" style=\"margin-top:50px\">\n<div class=\"wp-block-column is-layout-flow wp-container-core-column-is-layout-6b73ce23 wp-block-column-is-layout-flow\">\n<figure class=\"wp-block-image size-full\"><img loading=\"lazy\" decoding=\"async\" width=\"1376\" height=\"768\" src=\"https:\/\/tafsut2026.com\/wp-content\/uploads\/2026\/05\/672691982_122102357504693583_4627074595066652938_n.png\" alt=\"\" class=\"wp-image-63\" srcset=\"https:\/\/tafsut2026.com\/wp-content\/uploads\/2026\/05\/672691982_122102357504693583_4627074595066652938_n.png 1376w, https:\/\/tafsut2026.com\/wp-content\/uploads\/2026\/05\/672691982_122102357504693583_4627074595066652938_n-300x167.png 300w, https:\/\/tafsut2026.com\/wp-content\/uploads\/2026\/05\/672691982_122102357504693583_4627074595066652938_n-1024x572.png 1024w, https:\/\/tafsut2026.com\/wp-content\/uploads\/2026\/05\/672691982_122102357504693583_4627074595066652938_n-768x429.png 768w\" sizes=\"auto, (max-width: 1376px) 100vw, 1376px\" \/><\/figure>\n\n\n\n<h3 class=\"wp-block-heading\" style=\"margin-top:16px\">Identit\u00e9 &amp; Culture Amazighe<\/h3>\n\n\n\n<p>D\u00e9fendre la langue tamazight, la culture kabyle et les droits identitaires du peuple amazigh au parlement alg\u00e9rien.<\/p>\n<\/div>\n\n\n\n<div class=\"wp-block-column is-layout-flow wp-container-core-column-is-layout-6b73ce23 wp-block-column-is-layout-flow\">\n<figure class=\"wp-block-image size-full\"><img loading=\"lazy\" decoding=\"async\" width=\"1640\" height=\"924\" src=\"https:\/\/tafsut2026.com\/wp-content\/uploads\/2026\/05\/Design-sans-titre-2.png\" alt=\"\" class=\"wp-image-64\" srcset=\"https:\/\/tafsut2026.com\/wp-content\/uploads\/2026\/05\/Design-sans-titre-2.png 1640w, https:\/\/tafsut2026.com\/wp-content\/uploads\/2026\/05\/Design-sans-titre-2-300x169.png 300w, https:\/\/tafsut2026.com\/wp-content\/uploads\/2026\/05\/Design-sans-titre-2-1024x577.png 1024w, https:\/\/tafsut2026.com\/wp-content\/uploads\/2026\/05\/Design-sans-titre-2-768x433.png 768w, https:\/\/tafsut2026.com\/wp-content\/uploads\/2026\/05\/Design-sans-titre-2-1536x865.png 1536w\" sizes=\"auto, (max-width: 1640px) 100vw, 1640px\" \/><\/figure>\n\n\n\n<h3 class=\"wp-block-heading\" style=\"margin-top:16px\">D\u00e9mocratie &amp; Libert\u00e9s<\/h3>\n\n\n\n<p>Combattre pour les libert\u00e9s politiques, la justice et les droits des citoyens de Kabylie face \u00e0 l&rsquo;\u00c9tat central.<\/p>\n<\/div>\n\n\n\n<div class=\"wp-block-column is-layout-flow wp-container-core-column-is-layout-6b73ce23 wp-block-column-is-layout-flow\">\n<figure class=\"wp-block-image size-full\"><img loading=\"lazy\" decoding=\"async\" width=\"1200\" height=\"630\" src=\"https:\/\/tafsut2026.com\/wp-content\/uploads\/2026\/05\/\ud83c\udf3f-Depot-des-parrainages-\u2014-Liste-Tafsut-Le-11-mai-2026-nous-avons-officiellement-depose-les-parrainages-de-la-liste-Tafsut-pour-les-elections-legislatives-dans-la-wilaya-de-Tizi-Ouzou.-Cette-etap.jpg\" alt=\"\" class=\"wp-image-65\" srcset=\"https:\/\/tafsut2026.com\/wp-content\/uploads\/2026\/05\/\ud83c\udf3f-Depot-des-parrainages-\u2014-Liste-Tafsut-Le-11-mai-2026-nous-avons-officiellement-depose-les-parrainages-de-la-liste-Tafsut-pour-les-elections-legislatives-dans-la-wilaya-de-Tizi-Ouzou.-Cette-etap.jpg 1200w, https:\/\/tafsut2026.com\/wp-content\/uploads\/2026\/05\/\ud83c\udf3f-Depot-des-parrainages-\u2014-Liste-Tafsut-Le-11-mai-2026-nous-avons-officiellement-depose-les-parrainages-de-la-liste-Tafsut-pour-les-elections-legislatives-dans-la-wilaya-de-Tizi-Ouzou.-Cette-etap-300x158.jpg 300w, https:\/\/tafsut2026.com\/wp-content\/uploads\/2026\/05\/\ud83c\udf3f-Depot-des-parrainages-\u2014-Liste-Tafsut-Le-11-mai-2026-nous-avons-officiellement-depose-les-parrainages-de-la-liste-Tafsut-pour-les-elections-legislatives-dans-la-wilaya-de-Tizi-Ouzou.-Cette-etap-1024x538.jpg 1024w, https:\/\/tafsut2026.com\/wp-content\/uploads\/2026\/05\/\ud83c\udf3f-Depot-des-parrainages-\u2014-Liste-Tafsut-Le-11-mai-2026-nous-avons-officiellement-depose-les-parrainages-de-la-liste-Tafsut-pour-les-elections-legislatives-dans-la-wilaya-de-Tizi-Ouzou.-Cette-etap-768x403.jpg 768w\" sizes=\"auto, (max-width: 1200px) 100vw, 1200px\" \/><\/figure>\n\n\n\n<h3 class=\"wp-block-heading\" style=\"margin-top:16px\">D\u00e9veloppement de Tizi-Ouzou<\/h3>\n\n\n\n<p>Obtenir les ressources n\u00e9cessaires pour l&#8217;emploi, les infrastructures et les services publics de la wilaya.<\/p>\n<\/div>\n<\/div>\n<\/div>\n\n\n\n<div class=\"wp-block-group alignfull has-ast-global-color-5-background-color has-background is-layout-constrained wp-container-core-group-is-layout-94d206d0 wp-block-group-is-layout-constrained\" id=\"about\" style=\"padding-top:143px;padding-bottom:144px\">\n<div class=\"wp-block-media-text has-media-on-the-right is-stacked-on-mobile is-vertically-aligned-center\"><div class=\"wp-block-media-text__content\">\n<div class=\"inherit-container-width wp-block-group is-layout-constrained wp-container-core-group-is-layout-47ce07ec wp-block-group-is-layout-constrained\" style=\"padding-right:80px\">\n<h2 class=\"wp-block-heading\" style=\"padding-right:40px\">We help teams build the business of their dreams<\/h2>\n\n\n\n<p>Et in risus egestas nec vitae odio ac nibh vestibulum volutpat aliquet aenean erat lobortis non.<\/p>\n\n\n\n<p>Nibh egestas dictumst cursus est turpis quis tincidunt pulvinar maecenas eget massa vel, ante nam blandit egestas enim id quis sit maecenas id nunc tempus auctor orci, enim imperdiet proin nibh mattis.<\/p>\n<\/div>\n<\/div><figure class=\"wp-block-media-text__media\"><img decoding=\"async\" src=\"https:\/\/tafsut2026.com\/wp-content\/themes\/astra\/inc\/assets\/images\/starter-content\/about-us.jpg\" alt=\"\" class=\"wp-image-237 size-full\"\/><\/figure><\/div>\n<\/div>\n\n\n\n<div class=\"wp-block-group alignfull has-ast-global-color-4-background-color has-background is-layout-constrained wp-container-core-group-is-layout-6a2cfb7b wp-block-group-is-layout-constrained\" id=\"reviews\">\n<figure class=\"wp-block-image aligncenter size-full\"><img decoding=\"async\" src=\"https:\/\/tafsut2026.com\/wp-content\/themes\/astra\/inc\/assets\/images\/starter-content\/avatar.png\" alt=\"\" class=\"wp-image-235\"\/><\/figure>\n\n\n\n<p><\/p>\n\n\n\n<p class=\"has-text-align-center has-ast-global-color-2-color has-text-color\"><strong>Wade Warren<\/strong><\/p>\n<\/div>\n\n\n\n<div class=\"wp-block-group alignfull is-layout-constrained wp-container-core-group-is-layout-3fee123f wp-block-group-is-layout-constrained\" id=\"whyus\" style=\"padding-top:144px;padding-bottom:144px\">\n<h2 class=\"wp-block-heading\">Pourquoi nous soutenir ?<\/h2>\n\n\n\n<div class=\"wp-block-columns is-layout-flex wp-container-core-columns-is-layout-29aadeec wp-block-columns-is-layout-flex\" style=\"margin-top:60px\">\n<div class=\"wp-block-column is-layout-flow wp-container-core-column-is-layout-6b73ce23 wp-block-column-is-layout-flow\">\n<figure class=\"wp-block-image size-large\"><img decoding=\"async\" src=\"https:\/\/tafsut2026.com\/wp-content\/themes\/astra\/inc\/assets\/images\/starter-content\/passionate.svg\" alt=\"\" class=\"wp-image-162\"\/><\/figure>\n\n\n\n<h3 class=\"wp-block-heading\" style=\"margin-top:16px\">Solidarit\u00e9<\/h3>\n\n\n\n<p>Solidarit\u00e9 ind\u00e9fectible avec les d\u00e9tenus d&rsquo;opinion et les victimes d&rsquo;injustice en Kabylie et en Alg\u00e9rie.<\/p>\n<\/div>\n\n\n\n<div class=\"wp-block-column is-layout-flow wp-container-core-column-is-layout-6b73ce23 wp-block-column-is-layout-flow\">\n<figure class=\"wp-block-image size-large\"><img decoding=\"async\" src=\"https:\/\/tafsut2026.com\/wp-content\/themes\/astra\/inc\/assets\/images\/starter-content\/professional.svg\" alt=\"\" class=\"wp-image-163\"\/><\/figure>\n\n\n\n<h3 class=\"wp-block-heading\" style=\"margin-top:16px\">D\u00e9centralisation<\/h3>\n\n\n\n<p>Plaider pour un \u00c9tat d\u00e9centralis\u00e9 qui accorde aux r\u00e9gions les pr\u00e9rogatives n\u00e9cessaires \u00e0 leur d\u00e9veloppement.<\/p>\n<\/div>\n\n\n\n<div class=\"wp-block-column is-layout-flow wp-container-core-column-is-layout-6b73ce23 wp-block-column-is-layout-flow\">\n<figure class=\"wp-block-image size-large\"><img decoding=\"async\" src=\"https:\/\/tafsut2026.com\/wp-content\/themes\/astra\/inc\/assets\/images\/starter-content\/support.svg\" alt=\"\" class=\"wp-image-164\"\/><\/figure>\n\n\n\n<h3 class=\"wp-block-heading\" style=\"margin-top:16px\">Justice Sociale<\/h3>\n\n\n\n<p>Lutter contre la corruption, d\u00e9fendre le pouvoir d&rsquo;achat et porter la voix des plus d\u00e9munis au parlement.<\/p>\n<\/div>\n<\/div>\n<\/div>\n\n\n\n<div class=\"wp-block-group alignfull has-background is-layout-constrained wp-container-core-group-is-layout-cfcca693 wp-block-group-is-layout-constrained\" id=\"contact\" style=\"background:linear-gradient(35deg,rgb(6,0,151) 0%,rgb(130,4,255) 64%,rgb(193,15,255) 98%);padding-top:104px;padding-bottom:104px\">\n<h2 class=\"wp-block-heading has-text-align-center has-text-color\" style=\"color:#ffffff\">Tafsut 2026 \u2014 Le changement commence ici<\/h2>\n\n\n<div class=\"is-default-size wp-block-site-logo\"><a href=\"https:\/\/tafsut2026.com\/\" class=\"custom-logo-link\" rel=\"home\"><img loading=\"lazy\" decoding=\"async\" width=\"1871\" height=\"1871\" src=\"https:\/\/tafsut2026.com\/wp-content\/uploads\/2026\/05\/cropped-logo-tafsut-1.jpg\" class=\"custom-logo\" alt=\"Tafsut 2026\" srcset=\"https:\/\/tafsut2026.com\/wp-content\/uploads\/2026\/05\/cropped-logo-tafsut-1.jpg 1871w, https:\/\/tafsut2026.com\/wp-content\/uploads\/2026\/05\/cropped-logo-tafsut-1-300x300.jpg 300w, https:\/\/tafsut2026.com\/wp-content\/uploads\/2026\/05\/cropped-logo-tafsut-1-1024x1024.jpg 1024w, https:\/\/tafsut2026.com\/wp-content\/uploads\/2026\/05\/cropped-logo-tafsut-1-150x150.jpg 150w, https:\/\/tafsut2026.com\/wp-content\/uploads\/2026\/05\/cropped-logo-tafsut-1-768x768.jpg 768w, https:\/\/tafsut2026.com\/wp-content\/uploads\/2026\/05\/cropped-logo-tafsut-1-1536x1536.jpg 1536w\" sizes=\"auto, (max-width: 1871px) 100vw, 1871px\" \/><\/a><\/div>\n\n\n<div class=\"wp-block-buttons alignwide is-horizontal is-content-justification-center is-layout-flex wp-container-core-buttons-is-layout-bba8380a wp-block-buttons-is-layout-flex\" style=\"margin-top:50px\">\n<div class=\"wp-block-button\"><a class=\"wp-block-button__link wp-element-button\">Voter Tafsut 2026<\/a><\/div>\n<\/div>\n<\/div>\n\n\n\n<p><\/p>\n","protected":false},"excerpt":{"rendered":"<p>What We Offer Authenticit\u00e9 Nous repr\u00e9sentons les citoyens de Tizi-Ouzou, sans compromis ni calcul politique. Proximit\u00e9 Nos candidats sont issus [&hellip;]<\/p>\n","protected":false},"author":1,"featured_media":0,"parent":0,"menu_order":0,"comment_status":"closed","ping_status":"closed","template":"","meta":{"site-sidebar-layout":"no-sidebar","site-content-layout":"plain-container","ast-site-content-layout":"default","site-content-style":"default","site-sidebar-style":"default","ast-global-header-display":"","ast-banner-title-visibility":"","ast-main-header-display":"","ast-hfb-above-header-display":"","ast-hfb-below-header-display":"","ast-hfb-mobile-header-display":"","site-post-title":"disabled","ast-breadcrumbs-content":"","ast-featured-img":"","footer-sml-layout":"","ast-disable-related-posts":"","theme-transparent-header-meta":"enabled","adv-header-id-meta":"","stick-header-meta":"","header-above-stick-meta":"","header-main-stick-meta":"","header-below-stick-meta":"","astra-migrate-meta-layouts":"default","ast-page-background-enabled":"default","ast-page-background-meta":{"desktop":{"background-color":"var(--ast-global-color-5)","background-image":"","background-repeat":"repeat","background-position":"center center","background-size":"auto","background-attachment":"scroll","background-type":"","background-media":"","overlay-type":"","overlay-color":"","overlay-opacity":"","overlay-gradient":""},"tablet":{"background-color":"","background-image":"","background-repeat":"repeat","background-position":"center center","background-size":"auto","background-attachment":"scroll","background-type":"","background-media":"","overlay-type":"","overlay-color":"","overlay-opacity":"","overlay-gradient":""},"mobile":{"background-color":"","background-image":"","background-repeat":"repeat","background-position":"center center","background-size":"auto","background-attachment":"scroll","background-type":"","background-media":"","overlay-type":"","overlay-color":"","overlay-opacity":"","overlay-gradient":""}},"ast-content-background-meta":{"desktop":{"background-color":"var(--ast-global-color-4)","background-image":"","background-repeat":"repeat","background-position":"center center","background-size":"auto","background-attachment":"scroll","background-type":"","background-media":"","overlay-type":"","overlay-color":"","overlay-opacity":"","overlay-gradient":""},"tablet":{"background-color":"var(--ast-global-color-4)","background-image":"","background-repeat":"repeat","background-position":"center center","background-size":"auto","background-attachment":"scroll","background-type":"","background-media":"","overlay-type":"","overlay-color":"","overlay-opacity":"","overlay-gradient":""},"mobile":{"background-color":"var(--ast-global-color-4)","background-image":"","background-repeat":"repeat","background-position":"center center","background-size":"auto","background-attachment":"scroll","background-type":"","background-media":"","overlay-type":"","overlay-color":"","overlay-opacity":"","overlay-gradient":""}},"footnotes":""},"class_list":["post-22","page","type-page","status-publish","hentry"],"yoast_head":"<!-- This site is optimized with the Yoast SEO plugin v27.6 - https:\/\/yoast.com\/product\/yoast-seo-wordpress\/ -->\n<title>Accueil - Tafsut 2026<\/title>\n<meta name=\"robots\" content=\"noindex, follow, max-snippet:-1, max-image-preview:large, max-video-preview:-1\" \/>\n<meta property=\"og:locale\" content=\"fr_FR\" \/>\n<meta property=\"og:type\" content=\"article\" \/>\n<meta property=\"og:title\" content=\"Accueil - Tafsut 2026\" \/>\n<meta property=\"og:description\" content=\"What We Offer Authenticit\u00e9 Nous repr\u00e9sentons les citoyens de Tizi-Ouzou, sans compromis ni calcul politique. Proximit\u00e9 Nos candidats sont issus [&hellip;]\" \/>\n<meta property=\"og:url\" content=\"https:\/\/tafsut2026.com\/\" \/>\n<meta property=\"og:site_name\" content=\"Tafsut 2026\" \/>\n<meta property=\"article:modified_time\" content=\"2026-05-16T01:31:04+00:00\" \/>\n<meta property=\"og:image\" content=\"https:\/\/tafsut2026.com\/wp-content\/uploads\/2026\/05\/logo-tafsut-1.jpg\" \/>\n\t<meta property=\"og:image:width\" content=\"1875\" \/>\n\t<meta property=\"og:image:height\" content=\"1875\" \/>\n\t<meta property=\"og:image:type\" content=\"image\/jpeg\" \/>\n<meta name=\"twitter:card\" content=\"summary_large_image\" \/>\n<meta name=\"twitter:label1\" content=\"Dur\u00e9e de lecture estim\u00e9e\" \/>\n\t<meta name=\"twitter:data1\" content=\"4 minutes\" \/>\n<script type=\"application\/ld+json\" class=\"yoast-schema-graph\">{\"@context\":\"https:\\\/\\\/schema.org\",\"@graph\":[{\"@type\":\"WebPage\",\"@id\":\"https:\\\/\\\/tafsut2026.com\\\/\",\"url\":\"https:\\\/\\\/tafsut2026.com\\\/\",\"name\":\"Accueil - Tafsut 2026\",\"isPartOf\":{\"@id\":\"https:\\\/\\\/tafsut2026.com\\\/#website\"},\"primaryImageOfPage\":{\"@id\":\"https:\\\/\\\/tafsut2026.com\\\/#primaryimage\"},\"image\":{\"@id\":\"https:\\\/\\\/tafsut2026.com\\\/#primaryimage\"},\"thumbnailUrl\":\"https:\\\/\\\/tafsut2026.com\\\/wp-content\\\/uploads\\\/2026\\\/05\\\/logo-tafsut-1-1024x1024.jpg\",\"datePublished\":\"2026-05-15T20:54:57+00:00\",\"dateModified\":\"2026-05-16T01:31:04+00:00\",\"breadcrumb\":{\"@id\":\"https:\\\/\\\/tafsut2026.com\\\/#breadcrumb\"},\"inLanguage\":\"fr-FR\",\"potentialAction\":[{\"@type\":\"ReadAction\",\"target\":[\"https:\\\/\\\/tafsut2026.com\\\/\"]}]},{\"@type\":\"ImageObject\",\"inLanguage\":\"fr-FR\",\"@id\":\"https:\\\/\\\/tafsut2026.com\\\/#primaryimage\",\"url\":\"https:\\\/\\\/tafsut2026.com\\\/wp-content\\\/uploads\\\/2026\\\/05\\\/logo-tafsut-1.jpg\",\"contentUrl\":\"https:\\\/\\\/tafsut2026.com\\\/wp-content\\\/uploads\\\/2026\\\/05\\\/logo-tafsut-1.jpg\",\"width\":1875,\"height\":1875},{\"@type\":\"BreadcrumbList\",\"@id\":\"https:\\\/\\\/tafsut2026.com\\\/#breadcrumb\",\"itemListElement\":[{\"@type\":\"ListItem\",\"position\":1,\"name\":\"Home\",\"item\":\"https:\\\/\\\/tafsut2026.com\\\/\"},{\"@type\":\"ListItem\",\"position\":2,\"name\":\"Accueil\"}]},{\"@type\":\"WebSite\",\"@id\":\"https:\\\/\\\/tafsut2026.com\\\/#website\",\"url\":\"https:\\\/\\\/tafsut2026.com\\\/\",\"name\":\"Tafsut 2026\",\"description\":\"Authenticit\u00e9 | Proximit\u00e9 | Changement\",\"publisher\":{\"@id\":\"https:\\\/\\\/tafsut2026.com\\\/#organization\"},\"potentialAction\":[{\"@type\":\"SearchAction\",\"target\":{\"@type\":\"EntryPoint\",\"urlTemplate\":\"https:\\\/\\\/tafsut2026.com\\\/?s={search_term_string}\"},\"query-input\":{\"@type\":\"PropertyValueSpecification\",\"valueRequired\":true,\"valueName\":\"search_term_string\"}}],\"inLanguage\":\"fr-FR\"},{\"@type\":\"Organization\",\"@id\":\"https:\\\/\\\/tafsut2026.com\\\/#organization\",\"name\":\"Tafsut 2026\",\"url\":\"https:\\\/\\\/tafsut2026.com\\\/\",\"logo\":{\"@type\":\"ImageObject\",\"inLanguage\":\"fr-FR\",\"@id\":\"https:\\\/\\\/tafsut2026.com\\\/#\\\/schema\\\/logo\\\/image\\\/\",\"url\":\"https:\\\/\\\/tafsut2026.com\\\/wp-content\\\/uploads\\\/2026\\\/05\\\/cropped-logo-tafsut-1.jpg\",\"contentUrl\":\"https:\\\/\\\/tafsut2026.com\\\/wp-content\\\/uploads\\\/2026\\\/05\\\/cropped-logo-tafsut-1.jpg\",\"width\":1871,\"height\":1871,\"caption\":\"Tafsut 2026\"},\"image\":{\"@id\":\"https:\\\/\\\/tafsut2026.com\\\/#\\\/schema\\\/logo\\\/image\\\/\"}}]}<\/script>\n<!-- \/ Yoast SEO plugin. -->","yoast_head_json":{"title":"Accueil - Tafsut 2026","robots":{"index":"noindex","follow":"follow","max-snippet":"max-snippet:-1","max-image-preview":"max-image-preview:large","max-video-preview":"max-video-preview:-1"},"og_locale":"fr_FR","og_type":"article","og_title":"Accueil - Tafsut 2026","og_description":"What We Offer Authenticit\u00e9 Nous repr\u00e9sentons les citoyens de Tizi-Ouzou, sans compromis ni calcul politique. Proximit\u00e9 Nos candidats sont issus [&hellip;]","og_url":"https:\/\/tafsut2026.com\/","og_site_name":"Tafsut 2026","article_modified_time":"2026-05-16T01:31:04+00:00","og_image":[{"width":1875,"height":1875,"url":"https:\/\/tafsut2026.com\/wp-content\/uploads\/2026\/05\/logo-tafsut-1.jpg","type":"image\/jpeg"}],"twitter_card":"summary_large_image","twitter_misc":{"Dur\u00e9e de lecture estim\u00e9e":"4 minutes"},"schema":{"@context":"https:\/\/schema.org","@graph":[{"@type":"WebPage","@id":"https:\/\/tafsut2026.com\/","url":"https:\/\/tafsut2026.com\/","name":"Accueil - Tafsut 2026","isPartOf":{"@id":"https:\/\/tafsut2026.com\/#website"},"primaryImageOfPage":{"@id":"https:\/\/tafsut2026.com\/#primaryimage"},"image":{"@id":"https:\/\/tafsut2026.com\/#primaryimage"},"thumbnailUrl":"https:\/\/tafsut2026.com\/wp-content\/uploads\/2026\/05\/logo-tafsut-1-1024x1024.jpg","datePublished":"2026-05-15T20:54:57+00:00","dateModified":"2026-05-16T01:31:04+00:00","breadcrumb":{"@id":"https:\/\/tafsut2026.com\/#breadcrumb"},"inLanguage":"fr-FR","potentialAction":[{"@type":"ReadAction","target":["https:\/\/tafsut2026.com\/"]}]},{"@type":"ImageObject","inLanguage":"fr-FR","@id":"https:\/\/tafsut2026.com\/#primaryimage","url":"https:\/\/tafsut2026.com\/wp-content\/uploads\/2026\/05\/logo-tafsut-1.jpg","contentUrl":"https:\/\/tafsut2026.com\/wp-content\/uploads\/2026\/05\/logo-tafsut-1.jpg","width":1875,"height":1875},{"@type":"BreadcrumbList","@id":"https:\/\/tafsut2026.com\/#breadcrumb","itemListElement":[{"@type":"ListItem","position":1,"name":"Home","item":"https:\/\/tafsut2026.com\/"},{"@type":"ListItem","position":2,"name":"Accueil"}]},{"@type":"WebSite","@id":"https:\/\/tafsut2026.com\/#website","url":"https:\/\/tafsut2026.com\/","name":"Tafsut 2026","description":"Authenticit\u00e9 | Proximit\u00e9 | Changement","publisher":{"@id":"https:\/\/tafsut2026.com\/#organization"},"potentialAction":[{"@type":"SearchAction","target":{"@type":"EntryPoint","urlTemplate":"https:\/\/tafsut2026.com\/?s={search_term_string}"},"query-input":{"@type":"PropertyValueSpecification","valueRequired":true,"valueName":"search_term_string"}}],"inLanguage":"fr-FR"},{"@type":"Organization","@id":"https:\/\/tafsut2026.com\/#organization","name":"Tafsut 2026","url":"https:\/\/tafsut2026.com\/","logo":{"@type":"ImageObject","inLanguage":"fr-FR","@id":"https:\/\/tafsut2026.com\/#\/schema\/logo\/image\/","url":"https:\/\/tafsut2026.com\/wp-content\/uploads\/2026\/05\/cropped-logo-tafsut-1.jpg","contentUrl":"https:\/\/tafsut2026.com\/wp-content\/uploads\/2026\/05\/cropped-logo-tafsut-1.jpg","width":1871,"height":1871,"caption":"Tafsut 2026"},"image":{"@id":"https:\/\/tafsut2026.com\/#\/schema\/logo\/image\/"}}]}},"_links":{"self":[{"href":"https:\/\/tafsut2026.com\/index.php?rest_route=\/wp\/v2\/pages\/22","targetHints":{"allow":["GET"]}}],"collection":[{"href":"https:\/\/tafsut2026.com\/index.php?rest_route=\/wp\/v2\/pages"}],"about":[{"href":"https:\/\/tafsut2026.com\/index.php?rest_route=\/wp\/v2\/types\/page"}],"author":[{"embeddable":true,"href":"https:\/\/tafsut2026.com\/index.php?rest_route=\/wp\/v2\/users\/1"}],"replies":[{"embeddable":true,"href":"https:\/\/tafsut2026.com\/index.php?rest_route=%2Fwp%2Fv2%2Fcomments&post=22"}],"version-history":[{"count":6,"href":"https:\/\/tafsut2026.com\/index.php?rest_route=\/wp\/v2\/pages\/22\/revisions"}],"predecessor-version":[{"id":71,"href":"https:\/\/tafsut2026.com\/index.php?rest_route=\/wp\/v2\/pages\/22\/revisions\/71"}],"wp:attachment":[{"href":"https:\/\/tafsut2026.com\/index.php?rest_route=%2Fwp%2Fv2%2Fmedia&parent=22"}],"curies":[{"name":"wp","href":"https:\/\/api.w.org\/{rel}","templated":true}]}}